{"id":1161,"date":"2022-03-23T08:22:46","date_gmt":"2022-03-23T15:22:46","guid":{"rendered":"https:\/\/naiceland.naiglobalproda.wpengine.com\/?page_id=1161"},"modified":"2023-05-15T15:11:46","modified_gmt":"2023-05-15T13:11:46","slug":"abel-tokes-mrics","status":"publish","type":"page","link":"https:\/\/www.naiceland.hu\/en\/about-us\/abel-tokes-mrics\/","title":{"rendered":"\u00c1bel T\u0151k\u00e9s, MRICS"},"content":{"rendered":"","protected":false},"excerpt":{"rendered":"","protected":false},"author":7,"featured_media":0,"parent":160,"menu_order":0,"comment_status":"closed","ping_status":"closed","template":"","meta":{"inline_featured_image":false,"footnotes":""},"class_list":["post-1161","page","type-page","status-publish","hentry"],"acf":[],"_links":{"self":[{"href":"https:\/\/www.naiceland.hu\/en\/wp-json\/wp\/v2\/pages\/1161","targetHints":{"allow":["GET"]}}],"collection":[{"href":"https:\/\/www.naiceland.hu\/en\/wp-json\/wp\/v2\/pages"}],"about":[{"href":"https:\/\/www.naiceland.hu\/en\/wp-json\/wp\/v2\/types\/page"}],"author":[{"embeddable":true,"href":"https:\/\/www.naiceland.hu\/en\/wp-json\/wp\/v2\/users\/7"}],"replies":[{"embeddable":true,"href":"https:\/\/www.naiceland.hu\/en\/wp-json\/wp\/v2\/comments?post=1161"}],"version-history":[{"count":0,"href":"https:\/\/www.naiceland.hu\/en\/wp-json\/wp\/v2\/pages\/1161\/revisions"}],"up":[{"embeddable":true,"href":"https:\/\/www.naiceland.hu\/en\/wp-json\/wp\/v2\/pages\/160"}],"wp:attachment":[{"href":"https:\/\/www.naiceland.hu\/en\/wp-json\/wp\/v2\/media?parent=1161"}],"curies":[{"name":"wp","href":"https:\/\/api.w.org\/{rel}","templated":true}]}}